{"id":3808,"date":"2022-06-24T09:29:56","date_gmt":"2022-06-24T08:29:56","guid":{"rendered":"https:\/\/lepalmemalcesine.com.graffitiweb.srl\/hotel-rooms\/"},"modified":"2023-05-04T14:03:37","modified_gmt":"2023-05-04T13:03:37","slug":"hotel-rooms","status":"publish","type":"page","link":"https:\/\/www.lepalmemalcesine.com\/de\/hotel-rooms\/","title":{"rendered":"Wohnungen"},"content":{"rendered":"<div id=\"pl-3808\"  class=\"panel-layout\" ><div id=\"pg-3808-0\"  class=\"panel-grid panel-no-style\" ><div id=\"pgc-3808-0-0\"  class=\"panel-grid-cell\" ><div id=\"panel-3808-0-0-0\" class=\"so-panel widget widget_hotel-room panel-first-child panel-last-child\" data-index=\"0\" ><div class=\"thim-widget-hotel-room thim-widget-hotel-room-base template-base\">\n<div id=\"hotel_booking_slider_69d443de0f62f\" data-number-show=\"4\" data-pagination=\"false\" class=\"hb_room_carousel_container tp-hotel-booking room-slider-base\">\n\t\n\t\t\t<!--navigation-->\n\t\t\n\t\t<!--text_link-->\n\t\t\t\t\t\n\t<div id=\"hotel_booking_slider_69d443de0f62f\" class=\"base hb_room_carousel_container tp-hotel-booking\">\n\t\t<div class=\"hb_room_carousel\">\n\t\t\t<ul class=\"rooms owl-carousel tp-hotel-booking hb-catalog-column-4\">\n\t\t\t\t\n\t\t\t\t\t<li id=\"room-3816\" class=\"post-3816 hb_room type-hb_room status-publish has-post-thumbnail hentry hb_room_type-primo-piano hb_room_type-trilocale\">\n\n\t\t\t\t\t\t\n\t\t\t\t\t\t<div class=\"summary entry-summary\">\n\n\t\t\t\t\t\t\t\n<div class=\"media\">\n\t<img loading=\"lazy\" decoding=\"async\" src=\"https:\/\/www.lepalmemalcesine.com\/wp-content\/uploads\/2015\/10\/Ingresso-270x270.jpg\" width=\"270\" height=\"270\" alt=\"\"\/>\t\t<div class=\"actions\">\n\t\t<div class=\"action-btn\">\n\t\t\t<a href=\"https:\/\/www.lepalmemalcesine.com\/de\/rooms\/double-room-5\/\" class=\"button readmore\">\n\t\t\t\t<i class=\"las la-external-link-square-alt\"><\/i>\n\t\t\t<\/a>\n\t\t<\/div>\n\t<\/div>\n<\/div>\t\t\t\t\t\t\t<div class=\"content-room\">\n\t\t\t\t\t\t\t\t<div class=\"title-room\">\n\t\t\t\t\t\t\t\t\t\n<div class=\"title\">\n\t<h4>\n\t\t<a href=\"https:\/\/www.lepalmemalcesine.com\/de\/rooms\/double-room-5\/\">Apartment mit 2 Schlafzimmern 1<\/a>\n\t<\/h4>\n<\/div>\n<div class=\"room-types\"><a href=\"https:\/\/www.lepalmemalcesine.com\/room-type\/primo-piano\/\" rel=\"tag\">Primo Piano<\/a><span class=\"sep\"><\/span><a href=\"https:\/\/www.lepalmemalcesine.com\/room-type\/trilocale\/\" rel=\"tag\">Trilocale<\/a><\/div>\t\t\t\t\t\t\t\t<\/div>\n\t\t\t\t\t\t\t\t<div class=\"description\"><p>Balcony Lake Front View<\/p>\r\n<div class=\"information_services\">\r\n\t<ul>\r\n\t\t<li><i class=\"fa fa-wifi\"><\/i><\/li>\r\n\t\t<li><i class=\"fa fa-car\"><\/i><\/li>\r\n\t\t<li><i class=\"fa fa-tree\"><\/i><\/li>\r\n\t\t<li><i class=\"fa fa-bicycle\"><\/i><\/li>\r\n\t<\/ul>\r\n<\/div><\/div>\t\t\t\t\t\t\t\t\n<div class=\"footer-content-room\">\n\t\n\t\t<div class=\"price\">\n\t\t\t<span class=\"title-price\">Price:<\/span>\n\n\t\t\t\t\t\t\t<span class=\"price_value price_min\">\n\t            &#36;0.0<span class=\"unit\">night<\/span>\n            <\/span>\n\t\t\t\n\t\t<\/div>\n\t\n\t<div class=\"actions\">\n\t\t<div class=\"action-btn\">\n\t\t\t<a href=\"https:\/\/www.lepalmemalcesine.com\/de\/rooms\/double-room-5\/\" class=\"button readmore\">\n\t\t\t\tMore Info\t\t\t<\/a>\n\t\t<\/div>\n\t<\/div>\n<\/div>\t\t\t\t\t\t\t<\/div>\n\t\t\t\t\t\t<\/div><!-- .summary -->\n\n\t\t\t\t\t\t\n\t\t\t\t\t<\/li>\n\n\t\t\t\t\n\t\t\t\t\t<li id=\"room-3818\" class=\"post-3818 hb_room type-hb_room status-publish has-post-thumbnail hentry hb_room_type-monolocale hb_room_type-primo-piano\">\n\n\t\t\t\t\t\t\n\t\t\t\t\t\t<div class=\"summary entry-summary\">\n\n\t\t\t\t\t\t\t\n<div class=\"media\">\n\t<img loading=\"lazy\" decoding=\"async\" src=\"https:\/\/www.lepalmemalcesine.com\/wp-content\/uploads\/2015\/10\/20201014_100655-270x270.jpg\" width=\"270\" height=\"270\" alt=\"\"\/>\t\t<div class=\"actions\">\n\t\t<div class=\"action-btn\">\n\t\t\t<a href=\"https:\/\/www.lepalmemalcesine.com\/de\/rooms\/family-room-3\/\" class=\"button readmore\">\n\t\t\t\t<i class=\"las la-external-link-square-alt\"><\/i>\n\t\t\t<\/a>\n\t\t<\/div>\n\t<\/div>\n<\/div>\t\t\t\t\t\t\t<div class=\"content-room\">\n\t\t\t\t\t\t\t\t<div class=\"title-room\">\n\t\t\t\t\t\t\t\t\t\n<div class=\"title\">\n\t<h4>\n\t\t<a href=\"https:\/\/www.lepalmemalcesine.com\/de\/rooms\/family-room-3\/\">Studio 2-3<\/a>\n\t<\/h4>\n<\/div>\n<div class=\"room-types\"><a href=\"https:\/\/www.lepalmemalcesine.com\/room-type\/monolocale\/\" rel=\"tag\">Monolocale<\/a><span class=\"sep\"><\/span><a href=\"https:\/\/www.lepalmemalcesine.com\/room-type\/primo-piano\/\" rel=\"tag\">Primo Piano<\/a><\/div>\t\t\t\t\t\t\t\t<\/div>\n\t\t\t\t\t\t\t\t<div class=\"description\"><p>Balcony Lake Front View<\/p>\r\n<div class=\"information_services\">\r\n\t<ul>\r\n\t\t<li><i class=\"fa fa-wifi\"><\/i><\/li>\r\n\t\t<li><i class=\"fa fa-car\"><\/i><\/li>\r\n\t\t<li><i class=\"fa fa-tree\"><\/i><\/li>\r\n\t\t<li><i class=\"fa fa-bicycle\"><\/i><\/li>\r\n\t<\/ul>\r\n<\/div><\/div>\t\t\t\t\t\t\t\t\n<div class=\"footer-content-room\">\n\t\n\t\t<div class=\"price\">\n\t\t\t<span class=\"title-price\">Price:<\/span>\n\n\t\t\t\t\t\t\t<span class=\"price_value price_min\">\n\t            &#36;0.0<span class=\"unit\">night<\/span>\n            <\/span>\n\t\t\t\n\t\t<\/div>\n\t\n\t<div class=\"actions\">\n\t\t<div class=\"action-btn\">\n\t\t\t<a href=\"https:\/\/www.lepalmemalcesine.com\/de\/rooms\/family-room-3\/\" class=\"button readmore\">\n\t\t\t\tMore Info\t\t\t<\/a>\n\t\t<\/div>\n\t<\/div>\n<\/div>\t\t\t\t\t\t\t<\/div>\n\t\t\t\t\t\t<\/div><!-- .summary -->\n\n\t\t\t\t\t\t\n\t\t\t\t\t<\/li>\n\n\t\t\t\t\n\t\t\t\t\t<li id=\"room-3820\" class=\"post-3820 hb_room type-hb_room status-publish has-post-thumbnail hentry hb_room_type-monolocale hb_room_type-secondo-piano\">\n\n\t\t\t\t\t\t\n\t\t\t\t\t\t<div class=\"summary entry-summary\">\n\n\t\t\t\t\t\t\t\n<div class=\"media\">\n\t<img loading=\"lazy\" decoding=\"async\" src=\"https:\/\/www.lepalmemalcesine.com\/wp-content\/uploads\/2015\/10\/20201109_110524-270x270.jpg\" width=\"270\" height=\"270\" alt=\"\"\/>\t\t<div class=\"actions\">\n\t\t<div class=\"action-btn\">\n\t\t\t<a href=\"https:\/\/www.lepalmemalcesine.com\/de\/rooms\/double-room-4\/\" class=\"button readmore\">\n\t\t\t\t<i class=\"las la-external-link-square-alt\"><\/i>\n\t\t\t<\/a>\n\t\t<\/div>\n\t<\/div>\n<\/div>\t\t\t\t\t\t\t<div class=\"content-room\">\n\t\t\t\t\t\t\t\t<div class=\"title-room\">\n\t\t\t\t\t\t\t\t\t\n<div class=\"title\">\n\t<h4>\n\t\t<a href=\"https:\/\/www.lepalmemalcesine.com\/de\/rooms\/double-room-4\/\">Studio 4-5<\/a>\n\t<\/h4>\n<\/div>\n<div class=\"room-types\"><a href=\"https:\/\/www.lepalmemalcesine.com\/room-type\/monolocale\/\" rel=\"tag\">Monolocale<\/a><span class=\"sep\"><\/span><a href=\"https:\/\/www.lepalmemalcesine.com\/room-type\/secondo-piano\/\" rel=\"tag\">Secondo Piano<\/a><\/div>\t\t\t\t\t\t\t\t<\/div>\n\t\t\t\t\t\t\t\t<div class=\"description\"><p>Balcony or terrace Lake Front View<\/p>\r\n<div class=\"information_services\">\r\n\t<ul>\r\n\t\t<li><i class=\"fa fa-wifi\"><\/i><\/li>\r\n\t\t<li><i class=\"fa fa-car\"><\/i><\/li>\r\n\t\t<li><i class=\"fa fa-tree\"><\/i><\/li>\r\n\t\t<li><i class=\"fa fa-bicycle\"><\/i><\/li>\r\n\t<\/ul>\r\n<\/div><\/div>\t\t\t\t\t\t\t\t\n<div class=\"footer-content-room\">\n\t\n\t\t<div class=\"price\">\n\t\t\t<span class=\"title-price\">Price:<\/span>\n\n\t\t\t\t\t\t\t<span class=\"price_value price_min\">\n\t            &#36;0.0<span class=\"unit\">night<\/span>\n            <\/span>\n\t\t\t\n\t\t<\/div>\n\t\n\t<div class=\"actions\">\n\t\t<div class=\"action-btn\">\n\t\t\t<a href=\"https:\/\/www.lepalmemalcesine.com\/de\/rooms\/double-room-4\/\" class=\"button readmore\">\n\t\t\t\tMore Info\t\t\t<\/a>\n\t\t<\/div>\n\t<\/div>\n<\/div>\t\t\t\t\t\t\t<\/div>\n\t\t\t\t\t\t<\/div><!-- .summary -->\n\n\t\t\t\t\t\t\n\t\t\t\t\t<\/li>\n\n\t\t\t\t\n\t\t\t\t\t<li id=\"room-3822\" class=\"post-3822 hb_room type-hb_room status-publish has-post-thumbnail hentry hb_room_type-primo-piano hb_room_type-trilocale\">\n\n\t\t\t\t\t\t\n\t\t\t\t\t\t<div class=\"summary entry-summary\">\n\n\t\t\t\t\t\t\t\n<div class=\"media\">\n\t<img loading=\"lazy\" decoding=\"async\" src=\"https:\/\/www.lepalmemalcesine.com\/wp-content\/uploads\/2015\/10\/Cucina-Pranzo-270x270.jpg\" width=\"270\" height=\"270\" alt=\"\"\/>\t\t<div class=\"actions\">\n\t\t<div class=\"action-btn\">\n\t\t\t<a href=\"https:\/\/www.lepalmemalcesine.com\/de\/rooms\/twin-room-3\/\" class=\"button readmore\">\n\t\t\t\t<i class=\"las la-external-link-square-alt\"><\/i>\n\t\t\t<\/a>\n\t\t<\/div>\n\t<\/div>\n<\/div>\t\t\t\t\t\t\t<div class=\"content-room\">\n\t\t\t\t\t\t\t\t<div class=\"title-room\">\n\t\t\t\t\t\t\t\t\t\n<div class=\"title\">\n\t<h4>\n\t\t<a href=\"https:\/\/www.lepalmemalcesine.com\/de\/rooms\/twin-room-3\/\">Apartment mit 2 Schlafzimmern 6<\/a>\n\t<\/h4>\n<\/div>\n<div class=\"room-types\"><a href=\"https:\/\/www.lepalmemalcesine.com\/room-type\/primo-piano\/\" rel=\"tag\">Primo Piano<\/a><span class=\"sep\"><\/span><a href=\"https:\/\/www.lepalmemalcesine.com\/room-type\/trilocale\/\" rel=\"tag\">Trilocale<\/a><\/div>\t\t\t\t\t\t\t\t<\/div>\n\t\t\t\t\t\t\t\t<div class=\"description\"><p>Outside terrace Lake View<\/p>\r\n<div class=\"information_services\">\r\n\t<ul>\r\n\t\t<li><i class=\"fa fa-wifi\"><\/i><\/li>\r\n\t\t<li><i class=\"fa fa-car\"><\/i><\/li>\r\n\t\t<li><i class=\"fa fa-tree\"><\/i><\/li>\r\n\t\t<li><i class=\"fa fa-bicycle\"><\/i><\/li>\r\n\t<\/ul>\r\n<\/div><\/div>\t\t\t\t\t\t\t\t\n<div class=\"footer-content-room\">\n\t\n\t\t<div class=\"price\">\n\t\t\t<span class=\"title-price\">Price:<\/span>\n\n\t\t\t\t\t\t\t<span class=\"price_value price_min\">\n\t            &#36;0.0<span class=\"unit\">night<\/span>\n            <\/span>\n\t\t\t\n\t\t<\/div>\n\t\n\t<div class=\"actions\">\n\t\t<div class=\"action-btn\">\n\t\t\t<a href=\"https:\/\/www.lepalmemalcesine.com\/de\/rooms\/twin-room-3\/\" class=\"button readmore\">\n\t\t\t\tMore Info\t\t\t<\/a>\n\t\t<\/div>\n\t<\/div>\n<\/div>\t\t\t\t\t\t\t<\/div>\n\t\t\t\t\t\t<\/div><!-- .summary -->\n\n\t\t\t\t\t\t\n\t\t\t\t\t<\/li>\n\n\t\t\t\t\t\t\t<\/ul>\n\n\t\t\t\n\t\t<\/div>\n\t<\/div>\n\t\t\n<\/div>\n<\/div><\/div><\/div><\/div><\/div>","protected":false},"excerpt":{"rendered":"<p>\nPerson: 2 o 4<br \/>\nBedrooms: 2<br \/>\nFloor: 1\u00b0 terra<br \/>\nOutside terrace: Lake View<br \/>\nJede Wohneinheit verf\u00fcgt \u00fcber einen Balkon mit Stadtblick, einen Flachbild-Sat-TV, einen Essbereich, eine gut ausgestattete K\u00fcche und ein eigenes Bad mit einem Bidet und einem Haartrockner. Ein K\u00fchlschrank, ein Backofen, ein Kochfeld, eine Kaffeemaschine und ein Wasserkocher sind ebenfalls <\/p>\n","protected":false},"author":1,"featured_media":0,"parent":0,"menu_order":0,"comment_status":"closed","ping_status":"closed","template":"","meta":{"footnotes":""},"class_list":["post-3808","page","type-page","status-publish","hentry"],"yoast_head":"<!-- This site is optimized with the Yoast SEO plugin v27.3 - https:\/\/yoast.com\/product\/yoast-seo-wordpress\/ -->\n<title>Wohnungen - Residence Le Palme<\/title>\n<meta name=\"robots\" content=\"index, follow, max-snippet:-1, max-image-preview:large, max-video-preview:-1\" \/>\n<link rel=\"canonical\" href=\"https:\/\/www.lepalmemalcesine.com\/de\/hotel-rooms\/\" \/>\n<meta property=\"og:locale\" content=\"de_DE\" \/>\n<meta property=\"og:type\" content=\"article\" \/>\n<meta property=\"og:title\" content=\"Wohnungen - Residence Le Palme\" \/>\n<meta property=\"og:description\" content=\"Person: 2 o 4 Bedrooms: 2 Floor: 1\u00b0 terra Outside terrace: Lake View Jede Wohneinheit verf\u00fcgt \u00fcber einen Balkon mit Stadtblick, einen Flachbild-Sat-TV, einen Essbereich, eine gut ausgestattete K\u00fcche und ein eigenes Bad mit einem Bidet und einem Haartrockner. Ein K\u00fchlschrank, ein Backofen, ein Kochfeld, eine Kaffeemaschine und ein Wasserkocher sind ebenfalls\" \/>\n<meta property=\"og:url\" content=\"https:\/\/www.lepalmemalcesine.com\/de\/hotel-rooms\/\" \/>\n<meta property=\"og:site_name\" content=\"Residence Le Palme\" \/>\n<meta property=\"article:modified_time\" content=\"2023-05-04T13:03:37+00:00\" \/>\n<meta name=\"twitter:card\" content=\"summary_large_image\" \/>\n<script type=\"application\/ld+json\" class=\"yoast-schema-graph\">{\"@context\":\"https:\\\/\\\/schema.org\",\"@graph\":[{\"@type\":\"WebPage\",\"@id\":\"https:\\\/\\\/www.lepalmemalcesine.com\\\/de\\\/hotel-rooms\\\/\",\"url\":\"https:\\\/\\\/www.lepalmemalcesine.com\\\/de\\\/hotel-rooms\\\/\",\"name\":\"Wohnungen - Residence Le Palme\",\"isPartOf\":{\"@id\":\"https:\\\/\\\/www.lepalmemalcesine.com\\\/#website\"},\"datePublished\":\"2022-06-24T08:29:56+00:00\",\"dateModified\":\"2023-05-04T13:03:37+00:00\",\"breadcrumb\":{\"@id\":\"https:\\\/\\\/www.lepalmemalcesine.com\\\/de\\\/hotel-rooms\\\/#breadcrumb\"},\"inLanguage\":\"de\",\"potentialAction\":[{\"@type\":\"ReadAction\",\"target\":[\"https:\\\/\\\/www.lepalmemalcesine.com\\\/de\\\/hotel-rooms\\\/\"]}]},{\"@type\":\"BreadcrumbList\",\"@id\":\"https:\\\/\\\/www.lepalmemalcesine.com\\\/de\\\/hotel-rooms\\\/#breadcrumb\",\"itemListElement\":[{\"@type\":\"ListItem\",\"position\":1,\"name\":\"Home\",\"item\":\"https:\\\/\\\/www.lepalmemalcesine.com\\\/de\\\/\"},{\"@type\":\"ListItem\",\"position\":2,\"name\":\"Wohnungen\"}]},{\"@type\":\"WebSite\",\"@id\":\"https:\\\/\\\/www.lepalmemalcesine.com\\\/#website\",\"url\":\"https:\\\/\\\/www.lepalmemalcesine.com\\\/\",\"name\":\"Residence Le Palme\",\"description\":\"Malcesine\",\"potentialAction\":[{\"@type\":\"SearchAction\",\"target\":{\"@type\":\"EntryPoint\",\"urlTemplate\":\"https:\\\/\\\/www.lepalmemalcesine.com\\\/?s={search_term_string}\"},\"query-input\":{\"@type\":\"PropertyValueSpecification\",\"valueRequired\":true,\"valueName\":\"search_term_string\"}}],\"inLanguage\":\"de\"}]}<\/script>\n<!-- \/ Yoast SEO plugin. -->","yoast_head_json":{"title":"Wohnungen - Residence Le Palme","robots":{"index":"index","follow":"follow","max-snippet":"max-snippet:-1","max-image-preview":"max-image-preview:large","max-video-preview":"max-video-preview:-1"},"canonical":"https:\/\/www.lepalmemalcesine.com\/de\/hotel-rooms\/","og_locale":"de_DE","og_type":"article","og_title":"Wohnungen - Residence Le Palme","og_description":"Person: 2 o 4 Bedrooms: 2 Floor: 1\u00b0 terra Outside terrace: Lake View Jede Wohneinheit verf\u00fcgt \u00fcber einen Balkon mit Stadtblick, einen Flachbild-Sat-TV, einen Essbereich, eine gut ausgestattete K\u00fcche und ein eigenes Bad mit einem Bidet und einem Haartrockner. Ein K\u00fchlschrank, ein Backofen, ein Kochfeld, eine Kaffeemaschine und ein Wasserkocher sind ebenfalls","og_url":"https:\/\/www.lepalmemalcesine.com\/de\/hotel-rooms\/","og_site_name":"Residence Le Palme","article_modified_time":"2023-05-04T13:03:37+00:00","twitter_card":"summary_large_image","schema":{"@context":"https:\/\/schema.org","@graph":[{"@type":"WebPage","@id":"https:\/\/www.lepalmemalcesine.com\/de\/hotel-rooms\/","url":"https:\/\/www.lepalmemalcesine.com\/de\/hotel-rooms\/","name":"Wohnungen - Residence Le Palme","isPartOf":{"@id":"https:\/\/www.lepalmemalcesine.com\/#website"},"datePublished":"2022-06-24T08:29:56+00:00","dateModified":"2023-05-04T13:03:37+00:00","breadcrumb":{"@id":"https:\/\/www.lepalmemalcesine.com\/de\/hotel-rooms\/#breadcrumb"},"inLanguage":"de","potentialAction":[{"@type":"ReadAction","target":["https:\/\/www.lepalmemalcesine.com\/de\/hotel-rooms\/"]}]},{"@type":"BreadcrumbList","@id":"https:\/\/www.lepalmemalcesine.com\/de\/hotel-rooms\/#breadcrumb","itemListElement":[{"@type":"ListItem","position":1,"name":"Home","item":"https:\/\/www.lepalmemalcesine.com\/de\/"},{"@type":"ListItem","position":2,"name":"Wohnungen"}]},{"@type":"WebSite","@id":"https:\/\/www.lepalmemalcesine.com\/#website","url":"https:\/\/www.lepalmemalcesine.com\/","name":"Residence Le Palme","description":"Malcesine","potentialAction":[{"@type":"SearchAction","target":{"@type":"EntryPoint","urlTemplate":"https:\/\/www.lepalmemalcesine.com\/?s={search_term_string}"},"query-input":{"@type":"PropertyValueSpecification","valueRequired":true,"valueName":"search_term_string"}}],"inLanguage":"de"}]}},"_links":{"self":[{"href":"https:\/\/www.lepalmemalcesine.com\/de\/wp-json\/wp\/v2\/pages\/3808","targetHints":{"allow":["GET"]}}],"collection":[{"href":"https:\/\/www.lepalmemalcesine.com\/de\/wp-json\/wp\/v2\/pages"}],"about":[{"href":"https:\/\/www.lepalmemalcesine.com\/de\/wp-json\/wp\/v2\/types\/page"}],"author":[{"embeddable":true,"href":"https:\/\/www.lepalmemalcesine.com\/de\/wp-json\/wp\/v2\/users\/1"}],"replies":[{"embeddable":true,"href":"https:\/\/www.lepalmemalcesine.com\/de\/wp-json\/wp\/v2\/comments?post=3808"}],"version-history":[{"count":6,"href":"https:\/\/www.lepalmemalcesine.com\/de\/wp-json\/wp\/v2\/pages\/3808\/revisions"}],"predecessor-version":[{"id":3920,"href":"https:\/\/www.lepalmemalcesine.com\/de\/wp-json\/wp\/v2\/pages\/3808\/revisions\/3920"}],"wp:attachment":[{"href":"https:\/\/www.lepalmemalcesine.com\/de\/wp-json\/wp\/v2\/media?parent=3808"}],"curies":[{"name":"wp","href":"https:\/\/api.w.org\/{rel}","templated":true}]}}